{"id":2308,"date":"2024-07-23T16:09:12","date_gmt":"2024-07-23T20:09:12","guid":{"rendered":"https:\/\/guadeloupe-pecheaugros.com\/?page_id=2308"},"modified":"2024-09-02T10:23:49","modified_gmt":"2024-09-02T14:23:49","slug":"faq","status":"publish","type":"page","link":"https:\/\/guadeloupe-pecheaugros.com\/fr\/faq\/","title":{"rendered":"FAQ"},"content":{"rendered":"\t\t<div data-elementor-type=\"wp-page\" data-elementor-id=\"2308\" class=\"elementor elementor-2308\" data-elementor-post-type=\"page\">\n\t\t\t\t<div class=\"elementor-element elementor-element-5938a07 e-flex e-con-boxed e-con e-parent\" data-id=\"5938a07\" data-element_type=\"container\" data-settings=\"{&quot;ekit_has_onepagescroll_dot&quot;:&quot;yes&quot;}\">\n\t\t\t\t\t<div class=\"e-con-inner\">\n\t\t\t\t<div class=\"elementor-element elementor-element-e6832e8 elementor-widget elementor-widget-heading\" data-id=\"e6832e8\" data-element_type=\"widget\" data-settings=\"{&quot;ekit_we_effect_on&quot;:&quot;none&quot;}\" data-widget_type=\"heading.default\">\n\t\t\t\t<div class=\"elementor-widget-container\">\n\t\t\t\t\t<h1 class=\"elementor-heading-title elementor-size-default\">FAQ<\/h1>\t\t\t\t<\/div>\n\t\t\t\t<\/div>\n\t\t\t\t\t<\/div>\n\t\t\t\t<\/div>\n\t\t<div class=\"elementor-element elementor-element-73f6cee e-flex e-con-boxed e-con e-parent\" data-id=\"73f6cee\" data-element_type=\"container\" data-settings=\"{&quot;ekit_has_onepagescroll_dot&quot;:&quot;yes&quot;}\">\n\t\t\t\t\t<div class=\"e-con-inner\">\n\t\t<div class=\"elementor-element elementor-element-588d0fb e-con-full e-flex e-con e-child\" data-id=\"588d0fb\" data-element_type=\"container\" data-settings=\"{&quot;background_background&quot;:&quot;classic&quot;,&quot;ekit_has_onepagescroll_dot&quot;:&quot;yes&quot;}\">\n\t\t<div class=\"elementor-element elementor-element-b7161ef e-flex e-con-boxed e-con e-child\" data-id=\"b7161ef\" data-element_type=\"container\" data-settings=\"{&quot;ekit_has_onepagescroll_dot&quot;:&quot;yes&quot;}\">\n\t\t\t\t\t<div class=\"e-con-inner\">\n\t\t\t\t<div class=\"elementor-element elementor-element-ea806b9 elementor-widget elementor-widget-heading\" data-id=\"ea806b9\" data-element_type=\"widget\" data-settings=\"{&quot;ekit_we_effect_on&quot;:&quot;none&quot;}\" data-widget_type=\"heading.default\">\n\t\t\t\t<div class=\"elementor-widget-container\">\n\t\t\t\t\t<h2 class=\"elementor-heading-title elementor-size-default\">R\u00e9servation<\/h2>\t\t\t\t<\/div>\n\t\t\t\t<\/div>\n\t\t\t\t<div class=\"elementor-element elementor-element-5a7a34a elementor-widget elementor-widget-elementskit-faq\" data-id=\"5a7a34a\" data-element_type=\"widget\" data-settings=\"{&quot;ekit_we_effect_on&quot;:&quot;none&quot;}\" data-widget_type=\"elementskit-faq.default\">\n\t\t\t\t<div class=\"elementor-widget-container\">\n\t\t\t\t\t<div class=\"ekit-wid-con\" >\n                <div class=\"elementskit-single-faq elementor-repeater-item-dc5dcd2\">\n            <div class=\"elementskit-faq-header\">\n                <h2 class=\"elementskit-faq-title\">Que doit on fournir et y a-il un acompte \u00e0 verser ?<\/h2>\n            <\/div>\n            <div class=\"elementskit-faq-body\">\n                On doit fournir, les noms et pr\u00e9noms des participants, un num\u00e9ro de t\u00e9l\u00e9phone et un mail.\nIl y a un acompte de 50% \u00e0 verser par virement uniquement pour la privatisation du bateau.            <\/div>\n        <\/div>\n                <div class=\"elementskit-single-faq elementor-repeater-item-9b70a83\">\n            <div class=\"elementskit-faq-header\">\n                <h2 class=\"elementskit-faq-title\">Quel mode de paiement ?<\/h2>\n            <\/div>\n            <div class=\"elementskit-faq-body\">\n                Le r\u00e8glement se fait en esp\u00e8ces le jour de la p\u00eache, ou par virement avant la p\u00eache.            <\/div>\n        <\/div>\n                <div class=\"elementskit-single-faq elementor-repeater-item-d5aef12\">\n            <div class=\"elementskit-faq-header\">\n                <h2 class=\"elementskit-faq-title\">Peut on avoir une facture ?<\/h2>\n            <\/div>\n            <div class=\"elementskit-faq-body\">\n                Oui.            <\/div>\n        <\/div>\n                \n    <\/div>\t\t\t\t<\/div>\n\t\t\t\t<\/div>\n\t\t\t\t\t<\/div>\n\t\t\t\t<\/div>\n\t\t\t\t<\/div>\n\t\t<div class=\"elementor-element elementor-element-bbf0b3d e-con-full e-flex e-con e-child\" data-id=\"bbf0b3d\" data-element_type=\"container\" data-settings=\"{&quot;background_background&quot;:&quot;classic&quot;,&quot;ekit_has_onepagescroll_dot&quot;:&quot;yes&quot;}\">\n\t\t<div class=\"elementor-element elementor-element-49a5d6d e-flex e-con-boxed e-con e-child\" data-id=\"49a5d6d\" data-element_type=\"container\" data-settings=\"{&quot;ekit_has_onepagescroll_dot&quot;:&quot;yes&quot;}\">\n\t\t\t\t\t<div class=\"e-con-inner\">\n\t\t\t\t<div class=\"elementor-element elementor-element-3d7f439 elementor-widget elementor-widget-heading\" data-id=\"3d7f439\" data-element_type=\"widget\" data-settings=\"{&quot;ekit_we_effect_on&quot;:&quot;none&quot;}\" data-widget_type=\"heading.default\">\n\t\t\t\t<div class=\"elementor-widget-container\">\n\t\t\t\t\t<h2 class=\"elementor-heading-title elementor-size-default\">Pr\u00e9parer sa sortie<\/h2>\t\t\t\t<\/div>\n\t\t\t\t<\/div>\n\t\t\t\t<div class=\"elementor-element elementor-element-354fa28 elementor-widget elementor-widget-elementskit-faq\" data-id=\"354fa28\" data-element_type=\"widget\" data-settings=\"{&quot;ekit_we_effect_on&quot;:&quot;none&quot;}\" data-widget_type=\"elementskit-faq.default\">\n\t\t\t\t<div class=\"elementor-widget-container\">\n\t\t\t\t\t<div class=\"ekit-wid-con\" >\n                <div class=\"elementskit-single-faq elementor-repeater-item-dc5dcd2\">\n            <div class=\"elementskit-faq-header\">\n                <h2 class=\"elementskit-faq-title\">Que doit-on pr\u00e9voir pour la p\u00eache ?<\/h2>\n            <\/div>\n            <div class=\"elementskit-faq-body\">\n                Lunette de soleil, cr\u00e8me solaire, casquette et si n\u00e9cessaire manches longues et cachet mer calme.\nPour les chaussures soit pieds nus ou chaussures l\u00e9g\u00e8res ferm\u00e9es.            <\/div>\n        <\/div>\n                <div class=\"elementskit-single-faq elementor-repeater-item-9b70a83\">\n            <div class=\"elementskit-faq-header\">\n                <h2 class=\"elementskit-faq-title\">Doit-on pr\u00e9voir un Kway ?<\/h2>\n            <\/div>\n            <div class=\"elementskit-faq-body\">\n                Si vous le souhaitez, en cas de pluie ou d\u2019embruns importants un parka est pr\u00e9vu pour chaque participant.            <\/div>\n        <\/div>\n                <div class=\"elementskit-single-faq elementor-repeater-item-d5aef12\">\n            <div class=\"elementskit-faq-header\">\n                <h2 class=\"elementskit-faq-title\">Peut-on emmener une canne l\u00e9g\u00e8re ?<\/h2>\n            <\/div>\n            <div class=\"elementskit-faq-body\">\n                Oui, me le signaler avant la sortie.            <\/div>\n        <\/div>\n                \n    <\/div>\t\t\t\t<\/div>\n\t\t\t\t<\/div>\n\t\t\t\t\t<\/div>\n\t\t\t\t<\/div>\n\t\t\t\t<\/div>\n\t\t<div class=\"elementor-element elementor-element-9c67ee4 e-con-full e-flex e-con e-child\" data-id=\"9c67ee4\" data-element_type=\"container\" data-settings=\"{&quot;background_background&quot;:&quot;classic&quot;,&quot;ekit_has_onepagescroll_dot&quot;:&quot;yes&quot;}\">\n\t\t<div class=\"elementor-element elementor-element-d23d35d e-flex e-con-boxed e-con e-child\" data-id=\"d23d35d\" data-element_type=\"container\" data-settings=\"{&quot;ekit_has_onepagescroll_dot&quot;:&quot;yes&quot;}\">\n\t\t\t\t\t<div class=\"e-con-inner\">\n\t\t\t\t<div class=\"elementor-element elementor-element-41caf01 elementor-widget elementor-widget-heading\" data-id=\"41caf01\" data-element_type=\"widget\" data-settings=\"{&quot;ekit_we_effect_on&quot;:&quot;none&quot;}\" data-widget_type=\"heading.default\">\n\t\t\t\t<div class=\"elementor-widget-container\">\n\t\t\t\t\t<h2 class=\"elementor-heading-title elementor-size-default\">La p\u00eache<\/h2>\t\t\t\t<\/div>\n\t\t\t\t<\/div>\n\t\t\t\t<div class=\"elementor-element elementor-element-d152628 elementor-widget elementor-widget-elementskit-faq\" data-id=\"d152628\" data-element_type=\"widget\" data-settings=\"{&quot;ekit_we_effect_on&quot;:&quot;none&quot;}\" data-widget_type=\"elementskit-faq.default\">\n\t\t\t\t<div class=\"elementor-widget-container\">\n\t\t\t\t\t<div class=\"ekit-wid-con\" >\n                <div class=\"elementskit-single-faq elementor-repeater-item-dc5dcd2\">\n            <div class=\"elementskit-faq-header\">\n                <h2 class=\"elementskit-faq-title\">D\u2019o\u00f9 se fait le d\u00e9part de la p\u00eache ?<\/h2>\n            <\/div>\n            <div class=\"elementskit-faq-body\">\n                Le d\u00e9part se fait g\u00e9n\u00e9ralement \u00e0 6h45 l'hiver et 6h15 l'\u00e9t\u00e9.\nD\u00e9part du ponton du bourg de Bouillante pr\u00e8s de la centrale g\u00e9othermique et de la station essence.\nLors d'une privatisation de bateau les horaires de d\u00e9part peuvent \u00eatres adapt\u00e9s.            <\/div>\n        <\/div>\n                <div class=\"elementskit-single-faq elementor-repeater-item-9b70a83\">\n            <div class=\"elementskit-faq-header\">\n                <h2 class=\"elementskit-faq-title\">\u00d2u peut-on se garer ?<\/h2>\n            <\/div>\n            <div class=\"elementskit-faq-body\">\n                Il y a un grand parking juste en face du ponton.            <\/div>\n        <\/div>\n                <div class=\"elementskit-single-faq elementor-repeater-item-d5aef12\">\n            <div class=\"elementskit-faq-header\">\n                <h2 class=\"elementskit-faq-title\">A quelle heure revient-on ?<\/h2>\n            <\/div>\n            <div class=\"elementskit-faq-body\">\n                Environ 14h45 l'hiver et 14h15 l'\u00e9t\u00e9. En cas de touche tardive l'heure d'arriv\u00e9e peu varier.\nLors d'une privatisation du bateau les horaires de d\u00e9part peuvent \u00eatre adapt\u00e9s.            <\/div>\n        <\/div>\n                <div class=\"elementskit-single-faq elementor-repeater-item-f1194be\">\n            <div class=\"elementskit-faq-header\">\n                <h2 class=\"elementskit-faq-title\">Quel est le d\u00e9roulement de la journ\u00e9e ?<\/h2>\n            <\/div>\n            <div class=\"elementskit-faq-body\">\n                Cela d\u00e9pend des poissons pr\u00e9sents, g\u00e9n\u00e9ralement je pratique entre 2 et 4 techniques de p\u00eache dans la journ\u00e9e. Lors d'une privatisation de bateau, le programme peut \u00eatre  personnalis\u00e9 en fonction des souhaits du groupe de p\u00eacheurs.            <\/div>\n        <\/div>\n                <div class=\"elementskit-single-faq elementor-repeater-item-a948a3d\">\n            <div class=\"elementskit-faq-header\">\n                <h2 class=\"elementskit-faq-title\">Quel est le nombre de p\u00eacheurs maximum \u00e0 bord ?<\/h2>\n            <\/div>\n            <div class=\"elementskit-faq-body\">\n                4 p\u00eacheurs maximum, si un groupe homog\u00e8ne souhaite privatiser le bateau cinq p\u00eacheurs maximum            <\/div>\n        <\/div>\n                <div class=\"elementskit-single-faq elementor-repeater-item-0bc1f86\">\n            <div class=\"elementskit-faq-header\">\n                <h2 class=\"elementskit-faq-title\"> Est ce que nous sommes assur\u00e9s de prendre des grands poissons ?<\/h2>\n            <\/div>\n            <div class=\"elementskit-faq-body\">\n                La p\u00eache au gros en haute mer est comme la p\u00eache en g\u00e9n\u00e9rale, il y des jours heureux et d'autres moins. Cependant fort de mon exp\u00e9rience, je ferais le maximum pour que vous puissiez prendre des poissons.            <\/div>\n        <\/div>\n                <div class=\"elementskit-single-faq elementor-repeater-item-95203b0\">\n            <div class=\"elementskit-faq-header\">\n                <h2 class=\"elementskit-faq-title\">La mer est-elle toujours calme ?<\/h2>\n            <\/div>\n            <div class=\"elementskit-faq-body\">\n                C'est de la p\u00eache en haute mer, il peut y avoir de la houle et du vent.\nEn hivers les conditions peuvent \u00eatres acceptables mais cela peut bouger un peu plus au quel cas j'avertis les participants.\n            <\/div>\n        <\/div>\n                <div class=\"elementskit-single-faq elementor-repeater-item-7934b65\">\n            <div class=\"elementskit-faq-header\">\n                <h2 class=\"elementskit-faq-title\">Peut-on emporter le produits de sa p\u00eache ?<\/h2>\n            <\/div>\n            <div class=\"elementskit-faq-body\">\n                Le produits de la p\u00eache appartient au bateau et c'est au capitaine de d\u00e9cider s'il donne du poisson. Je donne du poisson pour faire un bon repas, pr\u00e9voir un contenant.            <\/div>\n        <\/div>\n                \n    <\/div>\t\t\t\t<\/div>\n\t\t\t\t<\/div>\n\t\t\t\t\t<\/div>\n\t\t\t\t<\/div>\n\t\t\t\t<\/div>\n\t\t\t\t\t<\/div>\n\t\t\t\t<\/div>\n\t\t\t\t<\/div>\n\t\t","protected":false},"excerpt":{"rendered":"<p>FAQ R\u00e9servation Que doit on fournir et y a-il un acompte \u00e0 verser ? On doit fournir, les noms et pr\u00e9noms des participants, un num\u00e9ro de t\u00e9l\u00e9phone et un mail. Il y a un acompte de 50% \u00e0 verser par virement uniquement pour la privatisation du bateau. Quel mode de paiement ? Le r\u00e8glement se [&hellip;]<\/p>\n","protected":false},"author":5,"featured_media":0,"parent":0,"menu_order":0,"comment_status":"closed","ping_status":"closed","template":"","meta":{"site-sidebar-layout":"no-sidebar","site-content-layout":"","ast-site-content-layout":"full-width-container","site-content-style":"default","site-sidebar-style":"default","ast-global-header-display":"","ast-banner-title-visibility":"","ast-main-header-display":"","ast-hfb-above-header-display":"","ast-hfb-below-header-display":"","ast-hfb-mobile-header-display":"","site-post-title":"disabled","ast-breadcrumbs-content":"","ast-featured-img":"disabled","footer-sml-layout":"","theme-transparent-header-meta":"","adv-header-id-meta":"","stick-header-meta":"","header-above-stick-meta":"","header-main-stick-meta":"","header-below-stick-meta":"","astra-migrate-meta-layouts":"default","ast-page-background-enabled":"default","ast-page-background-meta":{"desktop":{"background-color":"var(--ast-global-color-4)","background-image":"","background-repeat":"repeat","background-position":"center center","background-size":"auto","background-attachment":"scroll","background-type":"","background-media":"","overlay-type":"","overlay-color":"","overlay-gradient":""},"tablet":{"background-color":"","background-image":"","background-repeat":"repeat","background-position":"center center","background-size":"auto","background-attachment":"scroll","background-type":"","background-media":"","overlay-type":"","overlay-color":"","overlay-gradient":""},"mobile":{"background-color":"","background-image":"","background-repeat":"repeat","background-position":"center center","background-size":"auto","background-attachment":"scroll","background-type":"","background-media":"","overlay-type":"","overlay-color":"","overlay-gradient":""}},"ast-content-background-meta":{"desktop":{"background-color":"var(--ast-global-color-5)","background-image":"","background-repeat":"repeat","background-position":"center center","background-size":"auto","background-attachment":"scroll","background-type":"","background-media":"","overlay-type":"","overlay-color":"","overlay-gradient":""},"tablet":{"background-color":"var(--ast-global-color-5)","background-image":"","background-repeat":"repeat","background-position":"center center","background-size":"auto","background-attachment":"scroll","background-type":"","background-media":"","overlay-type":"","overlay-color":"","overlay-gradient":""},"mobile":{"background-color":"var(--ast-global-color-5)","background-image":"","background-repeat":"repeat","background-position":"center center","background-size":"auto","background-attachment":"scroll","background-type":"","background-media":"","overlay-type":"","overlay-color":"","overlay-gradient":""}},"_glsr_average":0,"_glsr_ranking":0,"_glsr_reviews":0,"footnotes":""},"class_list":["post-2308","page","type-page","status-publish","hentry"],"yoast_head":"<!-- This site is optimized with the Yoast SEO Premium plugin v22.7 (Yoast SEO v22.7) - https:\/\/yoast.com\/wordpress\/plugins\/seo\/ -->\n<title>FAQ<\/title>\n<meta name=\"description\" content=\"D\u00e9couvrez les techniques pour p\u00eacher le barracuda en Guadeloupe avec Babywane.\" \/>\n<meta name=\"robots\" content=\"index, follow, max-snippet:-1, max-image-preview:large, max-video-preview:-1\" \/>\n<link rel=\"canonical\" href=\"https:\/\/guadeloupe-pecheaugros.com\/fr\/faq\/\" \/>\n<meta property=\"og:locale\" content=\"fr_FR\" \/>\n<meta property=\"og:type\" content=\"article\" \/>\n<meta property=\"og:title\" content=\"FAQ\" \/>\n<meta property=\"og:description\" content=\"D\u00e9couvrez les techniques pour p\u00eacher le barracuda en Guadeloupe avec Babywane.\" \/>\n<meta property=\"og:url\" content=\"https:\/\/guadeloupe-pecheaugros.com\/fr\/faq\/\" \/>\n<meta property=\"og:site_name\" content=\"Guadeloupe P\u00eache au Gros, P\u00eache Sportive Babywane\" \/>\n<meta property=\"article:modified_time\" content=\"2024-09-02T14:23:49+00:00\" \/>\n<meta name=\"twitter:card\" content=\"summary_large_image\" \/>\n<meta name=\"twitter:label1\" content=\"Dur\u00e9e de lecture estim\u00e9e\" \/>\n\t<meta name=\"twitter:data1\" content=\"3 minutes\" \/>\n<script type=\"application\/ld+json\" class=\"yoast-schema-graph\">{\"@context\":\"https:\/\/schema.org\",\"@graph\":[{\"@type\":\"WebPage\",\"@id\":\"https:\/\/guadeloupe-pecheaugros.com\/fr\/faq\/\",\"url\":\"https:\/\/guadeloupe-pecheaugros.com\/fr\/faq\/\",\"name\":\"FAQ\",\"isPartOf\":{\"@id\":\"https:\/\/guadeloupe-pecheaugros.com\/fr\/#website\"},\"datePublished\":\"2024-07-23T20:09:12+00:00\",\"dateModified\":\"2024-09-02T14:23:49+00:00\",\"description\":\"D\u00e9couvrez les techniques pour p\u00eacher le barracuda en Guadeloupe avec Babywane.\",\"breadcrumb\":{\"@id\":\"https:\/\/guadeloupe-pecheaugros.com\/fr\/faq\/#breadcrumb\"},\"inLanguage\":\"fr-FR\",\"potentialAction\":[{\"@type\":\"ReadAction\",\"target\":[\"https:\/\/guadeloupe-pecheaugros.com\/fr\/faq\/\"]}]},{\"@type\":\"BreadcrumbList\",\"@id\":\"https:\/\/guadeloupe-pecheaugros.com\/fr\/faq\/#breadcrumb\",\"itemListElement\":[{\"@type\":\"ListItem\",\"position\":1,\"name\":\"Accueil\",\"item\":\"https:\/\/guadeloupe-pecheaugros.com\/\"},{\"@type\":\"ListItem\",\"position\":2,\"name\":\"FAQ\"}]},{\"@type\":\"WebSite\",\"@id\":\"https:\/\/guadeloupe-pecheaugros.com\/fr\/#website\",\"url\":\"https:\/\/guadeloupe-pecheaugros.com\/fr\/\",\"name\":\"Guadeloupe P\u00eache au Gros, P\u00eache Sportive Babywane\",\"description\":\"P\u00eache au gros, P\u00eache Sportive en Guadeloupe\",\"potentialAction\":[{\"@type\":\"SearchAction\",\"target\":{\"@type\":\"EntryPoint\",\"urlTemplate\":\"https:\/\/guadeloupe-pecheaugros.com\/fr\/?s={search_term_string}\"},\"query-input\":\"required name=search_term_string\"}],\"inLanguage\":\"fr-FR\"}]}<\/script>\n<!-- \/ Yoast SEO Premium plugin. -->","yoast_head_json":{"title":"FAQ","description":"D\u00e9couvrez les techniques pour p\u00eacher le barracuda en Guadeloupe avec Babywane.","robots":{"index":"index","follow":"follow","max-snippet":"max-snippet:-1","max-image-preview":"max-image-preview:large","max-video-preview":"max-video-preview:-1"},"canonical":"https:\/\/guadeloupe-pecheaugros.com\/fr\/faq\/","og_locale":"fr_FR","og_type":"article","og_title":"FAQ","og_description":"D\u00e9couvrez les techniques pour p\u00eacher le barracuda en Guadeloupe avec Babywane.","og_url":"https:\/\/guadeloupe-pecheaugros.com\/fr\/faq\/","og_site_name":"Guadeloupe P\u00eache au Gros, P\u00eache Sportive Babywane","article_modified_time":"2024-09-02T14:23:49+00:00","twitter_card":"summary_large_image","twitter_misc":{"Dur\u00e9e de lecture estim\u00e9e":"3 minutes"},"schema":{"@context":"https:\/\/schema.org","@graph":[{"@type":"WebPage","@id":"https:\/\/guadeloupe-pecheaugros.com\/fr\/faq\/","url":"https:\/\/guadeloupe-pecheaugros.com\/fr\/faq\/","name":"FAQ","isPartOf":{"@id":"https:\/\/guadeloupe-pecheaugros.com\/fr\/#website"},"datePublished":"2024-07-23T20:09:12+00:00","dateModified":"2024-09-02T14:23:49+00:00","description":"D\u00e9couvrez les techniques pour p\u00eacher le barracuda en Guadeloupe avec Babywane.","breadcrumb":{"@id":"https:\/\/guadeloupe-pecheaugros.com\/fr\/faq\/#breadcrumb"},"inLanguage":"fr-FR","potentialAction":[{"@type":"ReadAction","target":["https:\/\/guadeloupe-pecheaugros.com\/fr\/faq\/"]}]},{"@type":"BreadcrumbList","@id":"https:\/\/guadeloupe-pecheaugros.com\/fr\/faq\/#breadcrumb","itemListElement":[{"@type":"ListItem","position":1,"name":"Accueil","item":"https:\/\/guadeloupe-pecheaugros.com\/"},{"@type":"ListItem","position":2,"name":"FAQ"}]},{"@type":"WebSite","@id":"https:\/\/guadeloupe-pecheaugros.com\/fr\/#website","url":"https:\/\/guadeloupe-pecheaugros.com\/fr\/","name":"Guadeloupe P\u00eache au Gros, P\u00eache Sportive Babywane","description":"P\u00eache au gros, P\u00eache Sportive en Guadeloupe","potentialAction":[{"@type":"SearchAction","target":{"@type":"EntryPoint","urlTemplate":"https:\/\/guadeloupe-pecheaugros.com\/fr\/?s={search_term_string}"},"query-input":"required name=search_term_string"}],"inLanguage":"fr-FR"}]}},"_links":{"self":[{"href":"https:\/\/guadeloupe-pecheaugros.com\/fr\/wp-json\/wp\/v2\/pages\/2308","targetHints":{"allow":["GET"]}}],"collection":[{"href":"https:\/\/guadeloupe-pecheaugros.com\/fr\/wp-json\/wp\/v2\/pages"}],"about":[{"href":"https:\/\/guadeloupe-pecheaugros.com\/fr\/wp-json\/wp\/v2\/types\/page"}],"author":[{"embeddable":true,"href":"https:\/\/guadeloupe-pecheaugros.com\/fr\/wp-json\/wp\/v2\/users\/5"}],"replies":[{"embeddable":true,"href":"https:\/\/guadeloupe-pecheaugros.com\/fr\/wp-json\/wp\/v2\/comments?post=2308"}],"version-history":[{"count":10,"href":"https:\/\/guadeloupe-pecheaugros.com\/fr\/wp-json\/wp\/v2\/pages\/2308\/revisions"}],"predecessor-version":[{"id":2456,"href":"https:\/\/guadeloupe-pecheaugros.com\/fr\/wp-json\/wp\/v2\/pages\/2308\/revisions\/2456"}],"wp:attachment":[{"href":"https:\/\/guadeloupe-pecheaugros.com\/fr\/wp-json\/wp\/v2\/media?parent=2308"}],"curies":[{"name":"wp","href":"https:\/\/api.w.org\/{rel}","templated":true}]}}