{"id":1612,"date":"2024-06-19T21:41:06","date_gmt":"2024-06-20T01:41:06","guid":{"rendered":"https:\/\/guadeloupe-pecheaugros.com\/?page_id=1612"},"modified":"2024-09-04T11:29:15","modified_gmt":"2024-09-04T15:29:15","slug":"bateau-babywane-peche-au-gros","status":"publish","type":"page","link":"https:\/\/guadeloupe-pecheaugros.com\/fr\/bateau-babywane-peche-au-gros\/","title":{"rendered":"Notre Bateau pour la P\u00eache au Gros en Guadeloupe"},"content":{"rendered":"\t\t<div data-elementor-type=\"wp-page\" data-elementor-id=\"1612\" class=\"elementor elementor-1612\" data-elementor-post-type=\"page\">\n\t\t\t\t<div class=\"elementor-element elementor-element-62daff3 e-flex e-con-boxed e-con e-parent\" data-id=\"62daff3\" data-element_type=\"container\" data-settings=\"{&quot;ekit_has_onepagescroll_dot&quot;:&quot;yes&quot;}\">\n\t\t\t\t\t<div class=\"e-con-inner\">\n\t\t<div class=\"elementor-element elementor-element-a9b20ad e-flex e-con-boxed e-con e-child\" data-id=\"a9b20ad\" data-element_type=\"container\" data-settings=\"{&quot;ekit_has_onepagescroll_dot&quot;:&quot;yes&quot;}\">\n\t\t\t\t\t<div class=\"e-con-inner\">\n\t\t\t\t<div class=\"elementor-element elementor-element-5275713 elementor-widget elementor-widget-heading\" data-id=\"5275713\" data-element_type=\"widget\" data-settings=\"{&quot;ekit_we_effect_on&quot;:&quot;none&quot;}\" data-widget_type=\"heading.default\">\n\t\t\t\t<div class=\"elementor-widget-container\">\n\t\t\t\t\t<h1 class=\"elementor-heading-title elementor-size-default\">Le Bateau de P\u00eache au Gros BABYWANE<\/h1>\t\t\t\t<\/div>\n\t\t\t\t<\/div>\n\t\t\t\t\t<\/div>\n\t\t\t\t<\/div>\n\t\t\t\t\t<\/div>\n\t\t\t\t<\/div>\n\t\t<div class=\"elementor-element elementor-element-7266dd75 e-flex e-con-boxed e-con e-parent\" data-id=\"7266dd75\" data-element_type=\"container\" data-settings=\"{&quot;ekit_has_onepagescroll_dot&quot;:&quot;yes&quot;}\">\n\t\t\t\t\t<div class=\"e-con-inner\">\n\t\t<div class=\"elementor-element elementor-element-3f02f644 e-con-full e-flex e-con e-child\" data-id=\"3f02f644\" data-element_type=\"container\" data-settings=\"{&quot;background_background&quot;:&quot;classic&quot;,&quot;ekit_has_onepagescroll_dot&quot;:&quot;yes&quot;}\">\n\t\t\t\t<div class=\"elementor-element elementor-element-4b9b8aa5 elementor-widget elementor-widget-spacer\" data-id=\"4b9b8aa5\" data-element_type=\"widget\" data-settings=\"{&quot;ekit_we_effect_on&quot;:&quot;none&quot;}\" data-widget_type=\"spacer.default\">\n\t\t\t\t<div class=\"elementor-widget-container\">\n\t\t\t\t\t\t\t<div class=\"elementor-spacer\">\n\t\t\t<div class=\"elementor-spacer-inner\"><\/div>\n\t\t<\/div>\n\t\t\t\t\t\t<\/div>\n\t\t\t\t<\/div>\n\t\t\t\t<\/div>\n\t\t<div class=\"elementor-element elementor-element-30d17b3c e-flex e-con-boxed e-con e-child\" data-id=\"30d17b3c\" data-element_type=\"container\" data-settings=\"{&quot;ekit_has_onepagescroll_dot&quot;:&quot;yes&quot;}\">\n\t\t\t\t\t<div class=\"e-con-inner\">\n\t\t\t\t<div class=\"elementor-element elementor-element-14699e79 elementor-widget elementor-widget-text-editor\" data-id=\"14699e79\" data-element_type=\"widget\" data-settings=\"{&quot;ekit_we_effect_on&quot;:&quot;none&quot;}\" data-widget_type=\"text-editor.default\">\n\t\t\t\t<div class=\"elementor-widget-container\">\n\t\t\t\t\t\t\t\t\t<p class=\"Standard\">Le bateau BAYWANE est un fishing am\u00e9ricain, <strong>PURSUIT 2870 OFF SHORE<\/strong>, sp\u00e9cialement \u00e9tudi\u00e9 et con\u00e7u pour la p\u00eache sous toutes ces formes. Il est <b>arm\u00e9 pour la p\u00eache au gros<\/b> des <a href=\"https:\/\/guadeloupe-pecheaugros.com\/fr\/peche-marlin-guadeloupe\/\">marlins<\/a>, <a href=\"https:\/\/guadeloupe-pecheaugros.com\/fr\/peche-au-gros-espadon\/\">espadons<\/a>, <a href=\"https:\/\/guadeloupe-pecheaugros.com\/fr\/peche-thon-guadeloupe\/\">thons<\/a>, <a href=\"https:\/\/guadeloupe-pecheaugros.com\/fr\/pecher-le-thazard-en-guadeloupe\/\">thazards<\/a> et <a href=\"https:\/\/guadeloupe-pecheaugros.com\/fr\/peche-dorade-coryphene\/\">dorades coryph\u00e8nes<\/a>. Vous vivrez \u00e0 son bord des moments de p\u00eaches exaltants.<\/p>\t\t\t\t\t\t\t\t<\/div>\n\t\t\t\t<\/div>\n\t\t\t\t\t<\/div>\n\t\t\t\t<\/div>\n\t\t\t\t\t<\/div>\n\t\t\t\t<\/div>\n\t\t<div class=\"elementor-element elementor-element-e8547c5 e-flex e-con-boxed e-con e-parent\" data-id=\"e8547c5\" data-element_type=\"container\" data-settings=\"{&quot;ekit_has_onepagescroll_dot&quot;:&quot;yes&quot;}\">\n\t\t\t\t\t<div class=\"e-con-inner\">\n\t\t<div class=\"elementor-element elementor-element-fea1a3b e-con-full e-flex e-con e-child\" data-id=\"fea1a3b\" data-element_type=\"container\" data-settings=\"{&quot;background_background&quot;:&quot;classic&quot;,&quot;ekit_has_onepagescroll_dot&quot;:&quot;yes&quot;}\">\n\t\t\t\t<div class=\"elementor-element elementor-element-cc8b61b elementor-widget elementor-widget-spacer\" data-id=\"cc8b61b\" data-element_type=\"widget\" data-settings=\"{&quot;ekit_we_effect_on&quot;:&quot;none&quot;}\" data-widget_type=\"spacer.default\">\n\t\t\t\t<div class=\"elementor-widget-container\">\n\t\t\t\t\t\t\t<div class=\"elementor-spacer\">\n\t\t\t<div class=\"elementor-spacer-inner\"><\/div>\n\t\t<\/div>\n\t\t\t\t\t\t<\/div>\n\t\t\t\t<\/div>\n\t\t\t\t<\/div>\n\t\t<div class=\"elementor-element elementor-element-cb878df e-flex e-con-boxed e-con e-child\" data-id=\"cb878df\" data-element_type=\"container\" data-settings=\"{&quot;ekit_has_onepagescroll_dot&quot;:&quot;yes&quot;}\">\n\t\t\t\t\t<div class=\"e-con-inner\">\n\t\t\t\t<div class=\"elementor-element elementor-element-f0f5033 elementor-widget elementor-widget-heading\" data-id=\"f0f5033\" data-element_type=\"widget\" data-settings=\"{&quot;ekit_we_effect_on&quot;:&quot;none&quot;}\" data-widget_type=\"heading.default\">\n\t\t\t\t<div class=\"elementor-widget-container\">\n\t\t\t\t\t<h2 class=\"elementor-heading-title elementor-size-default\">Caract\u00e9ristique techniques<\/h2>\t\t\t\t<\/div>\n\t\t\t\t<\/div>\n\t\t\t\t<div class=\"elementor-element elementor-element-a2ed814 elementor-widget elementor-widget-text-editor\" data-id=\"a2ed814\" data-element_type=\"widget\" data-settings=\"{&quot;ekit_we_effect_on&quot;:&quot;none&quot;}\" data-widget_type=\"text-editor.default\">\n\t\t\t\t<div class=\"elementor-widget-container\">\n\t\t\t\t\t\t\t\t\t<p class=\"Standard\">Ses 10 m\u00e8tres de longueur pour 2,7 m de largeur, avec une coque en V \u00e0 25\u00b0, lui procure <b>un tr\u00e8s bon passage en mer, confortable et stable<\/b>. Le BABYWANE est \u00e9quip\u00e9 de deux moteurs YAMAYA de 250ch lui procurant une aisance et une maniabilit\u00e9 en toutes circonstances. Ces deux moteurs tr\u00e8s puissants lui permette de rejoindre les spots de p\u00eache rapidement.<\/p>\t\t\t\t\t\t\t\t<\/div>\n\t\t\t\t<\/div>\n\t\t\t\t\t<\/div>\n\t\t\t\t<\/div>\n\t\t\t\t\t<\/div>\n\t\t\t\t<\/div>\n\t\t<div class=\"elementor-element elementor-element-ee08663 e-flex e-con-boxed e-con e-parent\" data-id=\"ee08663\" data-element_type=\"container\" data-settings=\"{&quot;ekit_has_onepagescroll_dot&quot;:&quot;yes&quot;}\">\n\t\t\t\t\t<div class=\"e-con-inner\">\n\t\t<div class=\"elementor-element elementor-element-aa74d07 e-con-full e-flex e-con e-child\" data-id=\"aa74d07\" data-element_type=\"container\" data-settings=\"{&quot;background_background&quot;:&quot;classic&quot;,&quot;ekit_has_onepagescroll_dot&quot;:&quot;yes&quot;}\">\n\t\t\t\t<div class=\"elementor-element elementor-element-a01441c elementor-widget elementor-widget-spacer\" data-id=\"a01441c\" data-element_type=\"widget\" data-settings=\"{&quot;ekit_we_effect_on&quot;:&quot;none&quot;}\" data-widget_type=\"spacer.default\">\n\t\t\t\t<div class=\"elementor-widget-container\">\n\t\t\t\t\t\t\t<div class=\"elementor-spacer\">\n\t\t\t<div class=\"elementor-spacer-inner\"><\/div>\n\t\t<\/div>\n\t\t\t\t\t\t<\/div>\n\t\t\t\t<\/div>\n\t\t\t\t<\/div>\n\t\t<div class=\"elementor-element elementor-element-e0ab7dd e-flex e-con-boxed e-con e-child\" data-id=\"e0ab7dd\" data-element_type=\"container\" data-settings=\"{&quot;ekit_has_onepagescroll_dot&quot;:&quot;yes&quot;}\">\n\t\t\t\t\t<div class=\"e-con-inner\">\n\t\t\t\t<div class=\"elementor-element elementor-element-8b36d19 elementor-widget elementor-widget-heading\" data-id=\"8b36d19\" data-element_type=\"widget\" data-settings=\"{&quot;ekit_we_effect_on&quot;:&quot;none&quot;}\" data-widget_type=\"heading.default\">\n\t\t\t\t<div class=\"elementor-widget-container\">\n\t\t\t\t\t<h2 class=\"elementor-heading-title elementor-size-default\">Confort et s\u00e9curit\u00e9 \u00e0 bord<\/h2>\t\t\t\t<\/div>\n\t\t\t\t<\/div>\n\t\t\t\t<div class=\"elementor-element elementor-element-3f780ca elementor-widget elementor-widget-text-editor\" data-id=\"3f780ca\" data-element_type=\"widget\" data-settings=\"{&quot;ekit_we_effect_on&quot;:&quot;none&quot;}\" data-widget_type=\"text-editor.default\">\n\t\t\t\t<div class=\"elementor-widget-container\">\n\t\t\t\t\t\t\t\t\t<p class=\"Standard\">Avec <b>cinq places assises<\/b> sous son large cockpit, le BABYWANE est d&rsquo;un grand confort et vous permet de vivre votre journ\u00e9e de p\u00eache <b>\u00e0 l&rsquo;abri du soleil et des embruns<\/b> pour votre plus grande satisfaction. De plus son mat\u00e9riel de s\u00e9curit\u00e9, VHF, Balise, survie et la structure de son cockpit garantissent votre s\u00e9curit\u00e9 \u00e0 bord en toutes circonstances.<\/p>\t\t\t\t\t\t\t\t<\/div>\n\t\t\t\t<\/div>\n\t\t\t\t\t<\/div>\n\t\t\t\t<\/div>\n\t\t\t\t\t<\/div>\n\t\t\t\t<\/div>\n\t\t<div class=\"elementor-element elementor-element-5a86d62 e-flex e-con-boxed e-con e-parent\" data-id=\"5a86d62\" data-element_type=\"container\" data-settings=\"{&quot;ekit_has_onepagescroll_dot&quot;:&quot;yes&quot;}\">\n\t\t\t\t\t<div class=\"e-con-inner\">\n\t\t<div class=\"elementor-element elementor-element-0c35871 e-flex e-con-boxed e-con e-child\" data-id=\"0c35871\" data-element_type=\"container\" data-settings=\"{&quot;ekit_has_onepagescroll_dot&quot;:&quot;yes&quot;}\">\n\t\t\t\t\t<div class=\"e-con-inner\">\n\t\t<div class=\"elementor-element elementor-element-a603631 e-flex e-con-boxed e-con e-child\" data-id=\"a603631\" data-element_type=\"container\" data-settings=\"{&quot;ekit_has_onepagescroll_dot&quot;:&quot;yes&quot;}\">\n\t\t\t\t\t<div class=\"e-con-inner\">\n\t\t\t\t<div class=\"elementor-element elementor-element-a8ce43a elementor-widget elementor-widget-heading\" data-id=\"a8ce43a\" data-element_type=\"widget\" data-settings=\"{&quot;ekit_we_effect_on&quot;:&quot;none&quot;}\" data-widget_type=\"heading.default\">\n\t\t\t\t<div class=\"elementor-widget-container\">\n\t\t\t\t\t<h2 class=\"elementor-heading-title elementor-size-default\">Equipement de p\u00eache<\/h2>\t\t\t\t<\/div>\n\t\t\t\t<\/div>\n\t\t\t\t<div class=\"elementor-element elementor-element-d3403db elementor-widget elementor-widget-text-editor\" data-id=\"d3403db\" data-element_type=\"widget\" data-settings=\"{&quot;ekit_we_effect_on&quot;:&quot;none&quot;}\" data-widget_type=\"text-editor.default\">\n\t\t\t\t<div class=\"elementor-widget-container\">\n\t\t\t\t\t\t\t\t\t<p>Le BAYWANE est vraiment \u00e9quip\u00e9 p\u00eache, avec ses <b>16 portes cannes<\/b> qui permettent de d\u00e9ployer le mat\u00e9riel pour \u00eatre pr\u00eat \u00e0 n&rsquo;importe quelle action de p\u00eache. Ces trois tangons augmentent le nombre de canne mises \u00e0 l&rsquo;eau en m\u00eame temps et garantie une efficience maximum lors de la p\u00eache au gros en grande tra\u00eene avec 5 cannes et 2 ou trois teasers.&nbsp;<\/p>\n<p>Son SONDEUR GPS FURUNO professionnel avec sa sonde 1 kW, vous assure <b>un guidage et une plus grande efficacit\u00e9 de rep\u00e9rage des poissons<\/b> lors de la tra\u00eene rapide sur les tombants ou sur les spots. Il maximise le nombre de vos prises pour votre plus grand plaisir.&nbsp;<\/p>\n<p>Equip\u00e9 d&rsquo;un parachute de 10m de diam\u00e8tre, le BABYWANE sera totalement <b>insensible au vent<\/b> et pourra d\u00e9river dans le courant avec ses lignes parfaitement \u00e0 l&rsquo;aplomb du bateau. Cela augmente consid\u00e9rablement le nombre de thons pris, s\u00e9duits par ces app\u00e2ts parfaitement positionn\u00e9s pour plus de sensation en p\u00eache sportive.<\/p>\t\t\t\t\t\t\t\t<\/div>\n\t\t\t\t<\/div>\n\t\t\t\t\t<\/div>\n\t\t\t\t<\/div>\n\t\t<div class=\"elementor-element elementor-element-f6dec5c e-con-full e-flex e-con e-child\" data-id=\"f6dec5c\" data-element_type=\"container\" data-settings=\"{&quot;background_background&quot;:&quot;classic&quot;,&quot;ekit_has_onepagescroll_dot&quot;:&quot;yes&quot;}\">\n\t\t\t\t<div class=\"elementor-element elementor-element-de4df0d elementor-widget elementor-widget-spacer\" data-id=\"de4df0d\" data-element_type=\"widget\" data-settings=\"{&quot;ekit_we_effect_on&quot;:&quot;none&quot;}\" data-widget_type=\"spacer.default\">\n\t\t\t\t<div class=\"elementor-widget-container\">\n\t\t\t\t\t\t\t<div class=\"elementor-spacer\">\n\t\t\t<div class=\"elementor-spacer-inner\"><\/div>\n\t\t<\/div>\n\t\t\t\t\t\t<\/div>\n\t\t\t\t<\/div>\n\t\t\t\t<\/div>\n\t\t\t\t\t<\/div>\n\t\t\t\t<\/div>\n\t\t<div class=\"elementor-element elementor-element-b83c7d3 e-flex e-con-boxed e-con e-child\" data-id=\"b83c7d3\" data-element_type=\"container\" data-settings=\"{&quot;ekit_has_onepagescroll_dot&quot;:&quot;yes&quot;}\">\n\t\t\t\t\t<div class=\"e-con-inner\">\n\t\t\t\t<div class=\"elementor-element elementor-element-09e122d elementor-widget elementor-widget-text-editor\" data-id=\"09e122d\" data-element_type=\"widget\" data-settings=\"{&quot;ekit_we_effect_on&quot;:&quot;none&quot;}\" data-widget_type=\"text-editor.default\">\n\t\t\t\t<div class=\"elementor-widget-container\">\n\t\t\t\t\t\t\t\t\t<p class=\"Standard\">Equip\u00e9 de 2 ponts, le BABYWANE maximise la place disponible pour un plus grand nombre de p\u00eacheurs lors de la p\u00eache au jig. Le large pont arri\u00e8re permet de combatre les plus grands poissons dans les meilleurs conditions et ce en toutes circonstances. Le pont avant sera des plus agr\u00e9ables et confortables lors de rencontres fortuites avec les grands mammif\u00e8res marins.<\/p>\t\t\t\t\t\t\t\t<\/div>\n\t\t\t\t<\/div>\n\t\t\t\t\t<\/div>\n\t\t\t\t<\/div>\n\t\t\t\t\t<\/div>\n\t\t\t\t<\/div>\n\t\t<div class=\"elementor-element elementor-element-4ef6840 e-flex e-con-boxed e-con e-parent\" data-id=\"4ef6840\" data-element_type=\"container\" data-settings=\"{&quot;ekit_has_onepagescroll_dot&quot;:&quot;yes&quot;}\">\n\t\t\t\t\t<div class=\"e-con-inner\">\n\t\t\t\t<div class=\"elementor-element elementor-element-189ad75 elementor-align-right elementor-mobile-align-center elementor-widget elementor-widget-button\" data-id=\"189ad75\" data-element_type=\"widget\" data-settings=\"{&quot;ekit_we_effect_on&quot;:&quot;none&quot;}\" data-widget_type=\"button.default\">\n\t\t\t\t<div class=\"elementor-widget-container\">\n\t\t\t\t\t\t\t\t\t<div class=\"elementor-button-wrapper\">\n\t\t\t\t\t<a class=\"elementor-button elementor-button-link elementor-size-sm\" href=\"https:\/\/guadeloupe-pecheaugros.com\/fr\/reserver-journee-peche-guadeloupe\/\">\n\t\t\t\t\t\t<span class=\"elementor-button-content-wrapper\">\n\t\t\t\t\t\t<span class=\"elementor-button-icon\">\n\t\t\t\t<i aria-hidden=\"true\" class=\"fas fa-chevron-circle-right\"><\/i>\t\t\t<\/span>\n\t\t\t\t\t\t\t\t\t<span class=\"elementor-button-text\">R\u00e9servez votre sortie<\/span>\n\t\t\t\t\t<\/span>\n\t\t\t\t\t<\/a>\n\t\t\t\t<\/div>\n\t\t\t\t\t\t\t\t<\/div>\n\t\t\t\t<\/div>\n\t\t\t\t\t<\/div>\n\t\t\t\t<\/div>\n\t\t\t\t<\/div>\n\t\t","protected":false},"excerpt":{"rendered":"<p>Le Bateau de P\u00eache au Gros BABYWANE Le bateau BAYWANE est un fishing am\u00e9ricain, PURSUIT 2870 OFF SHORE, sp\u00e9cialement \u00e9tudi\u00e9 et con\u00e7u pour la p\u00eache sous toutes ces formes. Il est arm\u00e9 pour la p\u00eache au gros des marlins, espadons, thons, thazards et dorades coryph\u00e8nes. Vous vivrez \u00e0 son bord des moments de p\u00eaches exaltants. [&hellip;]<\/p>\n","protected":false},"author":5,"featured_media":0,"parent":0,"menu_order":0,"comment_status":"closed","ping_status":"closed","template":"","meta":{"site-sidebar-layout":"no-sidebar","site-content-layout":"","ast-site-content-layout":"full-width-container","site-content-style":"default","site-sidebar-style":"default","ast-global-header-display":"","ast-banner-title-visibility":"","ast-main-header-display":"","ast-hfb-above-header-display":"","ast-hfb-below-header-display":"","ast-hfb-mobile-header-display":"","site-post-title":"disabled","ast-breadcrumbs-content":"","ast-featured-img":"disabled","footer-sml-layout":"","theme-transparent-header-meta":"","adv-header-id-meta":"","stick-header-meta":"","header-above-stick-meta":"","header-main-stick-meta":"","header-below-stick-meta":"","astra-migrate-meta-layouts":"default","ast-page-background-enabled":"default","ast-page-background-meta":{"desktop":{"background-color":"var(--ast-global-color-4)","background-image":"","background-repeat":"repeat","background-position":"center center","background-size":"auto","background-attachment":"scroll","background-type":"","background-media":"","overlay-type":"","overlay-color":"","overlay-gradient":""},"tablet":{"background-color":"","background-image":"","background-repeat":"repeat","background-position":"center center","background-size":"auto","background-attachment":"scroll","background-type":"","background-media":"","overlay-type":"","overlay-color":"","overlay-gradient":""},"mobile":{"background-color":"","background-image":"","background-repeat":"repeat","background-position":"center center","background-size":"auto","background-attachment":"scroll","background-type":"","background-media":"","overlay-type":"","overlay-color":"","overlay-gradient":""}},"ast-content-background-meta":{"desktop":{"background-color":"var(--ast-global-color-5)","background-image":"","background-repeat":"repeat","background-position":"center center","background-size":"auto","background-attachment":"scroll","background-type":"","background-media":"","overlay-type":"","overlay-color":"","overlay-gradient":""},"tablet":{"background-color":"var(--ast-global-color-5)","background-image":"","background-repeat":"repeat","background-position":"center center","background-size":"auto","background-attachment":"scroll","background-type":"","background-media":"","overlay-type":"","overlay-color":"","overlay-gradient":""},"mobile":{"background-color":"var(--ast-global-color-5)","background-image":"","background-repeat":"repeat","background-position":"center center","background-size":"auto","background-attachment":"scroll","background-type":"","background-media":"","overlay-type":"","overlay-color":"","overlay-gradient":""}},"_glsr_average":0,"_glsr_ranking":0,"_glsr_reviews":0,"footnotes":""},"class_list":["post-1612","page","type-page","status-publish","hentry"],"yoast_head":"<!-- This site is optimized with the Yoast SEO Premium plugin v22.7 (Yoast SEO v22.7) - https:\/\/yoast.com\/wordpress\/plugins\/seo\/ -->\n<title>Notre Bateau pour la P\u00eache au Gros en Guadeloupe - Guadeloupe P\u00eache au Gros, P\u00eache Sportive Babywane<\/title>\n<meta name=\"robots\" content=\"index, follow, max-snippet:-1, max-image-preview:large, max-video-preview:-1\" \/>\n<link rel=\"canonical\" href=\"https:\/\/guadeloupe-pecheaugros.com\/fr\/bateau-babywane-peche-au-gros\/\" \/>\n<meta property=\"og:locale\" content=\"fr_FR\" \/>\n<meta property=\"og:type\" content=\"article\" \/>\n<meta property=\"og:title\" content=\"Notre Bateau pour la P\u00eache au Gros en Guadeloupe\" \/>\n<meta property=\"og:description\" content=\"Le Bateau de P\u00eache au Gros BABYWANE Le bateau BAYWANE est un fishing am\u00e9ricain, PURSUIT 2870 OFF SHORE, sp\u00e9cialement \u00e9tudi\u00e9 et con\u00e7u pour la p\u00eache sous toutes ces formes. Il est arm\u00e9 pour la p\u00eache au gros des marlins, espadons, thons, thazards et dorades coryph\u00e8nes. Vous vivrez \u00e0 son bord des moments de p\u00eaches exaltants. [&hellip;]\" \/>\n<meta property=\"og:url\" content=\"https:\/\/guadeloupe-pecheaugros.com\/fr\/bateau-babywane-peche-au-gros\/\" \/>\n<meta property=\"og:site_name\" content=\"Guadeloupe P\u00eache au Gros, P\u00eache Sportive Babywane\" \/>\n<meta property=\"article:modified_time\" content=\"2024-09-04T15:29:15+00:00\" \/>\n<meta name=\"twitter:card\" content=\"summary_large_image\" \/>\n<meta name=\"twitter:label1\" content=\"Dur\u00e9e de lecture estim\u00e9e\" \/>\n\t<meta name=\"twitter:data1\" content=\"3 minutes\" \/>\n<script type=\"application\/ld+json\" class=\"yoast-schema-graph\">{\"@context\":\"https:\/\/schema.org\",\"@graph\":[{\"@type\":\"WebPage\",\"@id\":\"https:\/\/guadeloupe-pecheaugros.com\/fr\/bateau-babywane-peche-au-gros\/\",\"url\":\"https:\/\/guadeloupe-pecheaugros.com\/fr\/bateau-babywane-peche-au-gros\/\",\"name\":\"Notre Bateau pour la P\u00eache au Gros en Guadeloupe - Guadeloupe P\u00eache au Gros, P\u00eache Sportive Babywane\",\"isPartOf\":{\"@id\":\"https:\/\/guadeloupe-pecheaugros.com\/fr\/#website\"},\"datePublished\":\"2024-06-20T01:41:06+00:00\",\"dateModified\":\"2024-09-04T15:29:15+00:00\",\"breadcrumb\":{\"@id\":\"https:\/\/guadeloupe-pecheaugros.com\/fr\/bateau-babywane-peche-au-gros\/#breadcrumb\"},\"inLanguage\":\"fr-FR\",\"potentialAction\":[{\"@type\":\"ReadAction\",\"target\":[\"https:\/\/guadeloupe-pecheaugros.com\/fr\/bateau-babywane-peche-au-gros\/\"]}]},{\"@type\":\"BreadcrumbList\",\"@id\":\"https:\/\/guadeloupe-pecheaugros.com\/fr\/bateau-babywane-peche-au-gros\/#breadcrumb\",\"itemListElement\":[{\"@type\":\"ListItem\",\"position\":1,\"name\":\"Accueil\",\"item\":\"https:\/\/guadeloupe-pecheaugros.com\/\"},{\"@type\":\"ListItem\",\"position\":2,\"name\":\"Notre Bateau pour la P\u00eache au Gros en Guadeloupe\"}]},{\"@type\":\"WebSite\",\"@id\":\"https:\/\/guadeloupe-pecheaugros.com\/fr\/#website\",\"url\":\"https:\/\/guadeloupe-pecheaugros.com\/fr\/\",\"name\":\"Guadeloupe P\u00eache au Gros, P\u00eache Sportive Babywane\",\"description\":\"P\u00eache au gros, P\u00eache Sportive en Guadeloupe\",\"potentialAction\":[{\"@type\":\"SearchAction\",\"target\":{\"@type\":\"EntryPoint\",\"urlTemplate\":\"https:\/\/guadeloupe-pecheaugros.com\/fr\/?s={search_term_string}\"},\"query-input\":\"required name=search_term_string\"}],\"inLanguage\":\"fr-FR\"}]}<\/script>\n<!-- \/ Yoast SEO Premium plugin. -->","yoast_head_json":{"title":"Notre Bateau pour la P\u00eache au Gros en Guadeloupe - Guadeloupe P\u00eache au Gros, P\u00eache Sportive Babywane","robots":{"index":"index","follow":"follow","max-snippet":"max-snippet:-1","max-image-preview":"max-image-preview:large","max-video-preview":"max-video-preview:-1"},"canonical":"https:\/\/guadeloupe-pecheaugros.com\/fr\/bateau-babywane-peche-au-gros\/","og_locale":"fr_FR","og_type":"article","og_title":"Notre Bateau pour la P\u00eache au Gros en Guadeloupe","og_description":"Le Bateau de P\u00eache au Gros BABYWANE Le bateau BAYWANE est un fishing am\u00e9ricain, PURSUIT 2870 OFF SHORE, sp\u00e9cialement \u00e9tudi\u00e9 et con\u00e7u pour la p\u00eache sous toutes ces formes. Il est arm\u00e9 pour la p\u00eache au gros des marlins, espadons, thons, thazards et dorades coryph\u00e8nes. Vous vivrez \u00e0 son bord des moments de p\u00eaches exaltants. [&hellip;]","og_url":"https:\/\/guadeloupe-pecheaugros.com\/fr\/bateau-babywane-peche-au-gros\/","og_site_name":"Guadeloupe P\u00eache au Gros, P\u00eache Sportive Babywane","article_modified_time":"2024-09-04T15:29:15+00:00","twitter_card":"summary_large_image","twitter_misc":{"Dur\u00e9e de lecture estim\u00e9e":"3 minutes"},"schema":{"@context":"https:\/\/schema.org","@graph":[{"@type":"WebPage","@id":"https:\/\/guadeloupe-pecheaugros.com\/fr\/bateau-babywane-peche-au-gros\/","url":"https:\/\/guadeloupe-pecheaugros.com\/fr\/bateau-babywane-peche-au-gros\/","name":"Notre Bateau pour la P\u00eache au Gros en Guadeloupe - Guadeloupe P\u00eache au Gros, P\u00eache Sportive Babywane","isPartOf":{"@id":"https:\/\/guadeloupe-pecheaugros.com\/fr\/#website"},"datePublished":"2024-06-20T01:41:06+00:00","dateModified":"2024-09-04T15:29:15+00:00","breadcrumb":{"@id":"https:\/\/guadeloupe-pecheaugros.com\/fr\/bateau-babywane-peche-au-gros\/#breadcrumb"},"inLanguage":"fr-FR","potentialAction":[{"@type":"ReadAction","target":["https:\/\/guadeloupe-pecheaugros.com\/fr\/bateau-babywane-peche-au-gros\/"]}]},{"@type":"BreadcrumbList","@id":"https:\/\/guadeloupe-pecheaugros.com\/fr\/bateau-babywane-peche-au-gros\/#breadcrumb","itemListElement":[{"@type":"ListItem","position":1,"name":"Accueil","item":"https:\/\/guadeloupe-pecheaugros.com\/"},{"@type":"ListItem","position":2,"name":"Notre Bateau pour la P\u00eache au Gros en Guadeloupe"}]},{"@type":"WebSite","@id":"https:\/\/guadeloupe-pecheaugros.com\/fr\/#website","url":"https:\/\/guadeloupe-pecheaugros.com\/fr\/","name":"Guadeloupe P\u00eache au Gros, P\u00eache Sportive Babywane","description":"P\u00eache au gros, P\u00eache Sportive en Guadeloupe","potentialAction":[{"@type":"SearchAction","target":{"@type":"EntryPoint","urlTemplate":"https:\/\/guadeloupe-pecheaugros.com\/fr\/?s={search_term_string}"},"query-input":"required name=search_term_string"}],"inLanguage":"fr-FR"}]}},"_links":{"self":[{"href":"https:\/\/guadeloupe-pecheaugros.com\/fr\/wp-json\/wp\/v2\/pages\/1612","targetHints":{"allow":["GET"]}}],"collection":[{"href":"https:\/\/guadeloupe-pecheaugros.com\/fr\/wp-json\/wp\/v2\/pages"}],"about":[{"href":"https:\/\/guadeloupe-pecheaugros.com\/fr\/wp-json\/wp\/v2\/types\/page"}],"author":[{"embeddable":true,"href":"https:\/\/guadeloupe-pecheaugros.com\/fr\/wp-json\/wp\/v2\/users\/5"}],"replies":[{"embeddable":true,"href":"https:\/\/guadeloupe-pecheaugros.com\/fr\/wp-json\/wp\/v2\/comments?post=1612"}],"version-history":[{"count":46,"href":"https:\/\/guadeloupe-pecheaugros.com\/fr\/wp-json\/wp\/v2\/pages\/1612\/revisions"}],"predecessor-version":[{"id":2476,"href":"https:\/\/guadeloupe-pecheaugros.com\/fr\/wp-json\/wp\/v2\/pages\/1612\/revisions\/2476"}],"wp:attachment":[{"href":"https:\/\/guadeloupe-pecheaugros.com\/fr\/wp-json\/wp\/v2\/media?parent=1612"}],"curies":[{"name":"wp","href":"https:\/\/api.w.org\/{rel}","templated":true}]}}