{"id":751,"date":"2023-10-21T06:54:10","date_gmt":"2023-10-21T10:54:10","guid":{"rendered":"https:\/\/guadeloupe-pecheaugros.com\/?page_id=751"},"modified":"2024-08-02T17:00:44","modified_gmt":"2024-08-02T21:00:44","slug":"zone-de-peche","status":"publish","type":"page","link":"http:\/\/guadeloupe-pecheaugros.com\/en\/zone-de-peche\/","title":{"rendered":"Fishing area"},"content":{"rendered":"<div data-elementor-type=\"wp-page\" data-elementor-id=\"751\" class=\"elementor elementor-751\" data-elementor-post-type=\"page\">\n\t\t\t\t<div class=\"elementor-element elementor-element-33c50bf9 e-flex e-con-boxed e-con e-parent\" data-id=\"33c50bf9\" data-element_type=\"container\" data-settings=\"{&quot;ekit_has_onepagescroll_dot&quot;:&quot;yes&quot;}\">\n\t\t\t\t\t<div class=\"e-con-inner\">\n\t\t<div class=\"elementor-element elementor-element-18b0d554 e-flex e-con-boxed e-con e-child\" data-id=\"18b0d554\" data-element_type=\"container\" data-settings=\"{&quot;ekit_has_onepagescroll_dot&quot;:&quot;yes&quot;}\">\n\t\t\t\t\t<div class=\"e-con-inner\">\n\t\t\t\t<div class=\"elementor-element elementor-element-4b0fe52 elementor-widget elementor-widget-heading\" data-id=\"4b0fe52\" data-element_type=\"widget\" data-settings=\"{&quot;ekit_we_effect_on&quot;:&quot;none&quot;}\" data-widget_type=\"heading.default\">\n\t\t\t\t<div class=\"elementor-widget-container\">\n\t\t\t\t\t<h3 class=\"elementor-heading-title elementor-size-default\">Fishing areas<\/h3>\t\t\t\t<\/div>\n\t\t\t\t<\/div>\n\t\t\t\t\t<\/div>\n\t\t\t\t<\/div>\n\t\t\t\t\t<\/div>\n\t\t\t\t<\/div>\n\t\t<div class=\"elementor-element elementor-element-8fddce0 e-flex e-con-boxed e-con e-parent\" data-id=\"8fddce0\" data-element_type=\"container\" data-settings=\"{&quot;ekit_has_onepagescroll_dot&quot;:&quot;yes&quot;}\">\n\t\t\t\t\t<div class=\"e-con-inner\">\n\t\t<div class=\"elementor-element elementor-element-5aa1870 e-con-full e-flex e-con e-child\" data-id=\"5aa1870\" data-element_type=\"container\" data-settings=\"{&quot;ekit_has_onepagescroll_dot&quot;:&quot;yes&quot;}\">\n\t\t\t\t<div class=\"elementor-element elementor-element-15966fa elementor-widget elementor-widget-html\" data-id=\"15966fa\" data-element_type=\"widget\" data-settings=\"{&quot;ekit_we_effect_on&quot;:&quot;none&quot;}\" data-widget_type=\"html.default\">\n\t\t\t\t<div class=\"elementor-widget-container\">\n\t\t\t\t\t<iframe src=\"https:\/\/www.google.com\/maps\/d\/u\/0\/embed?mid=1Pbo-VlSxkj-yeHhUKVVFb87ATqVRnVQY\" width=\"640\" height=\"480\"><\/iframe>\t\t\t\t<\/div>\n\t\t\t\t<\/div>\n\t\t\t\t<\/div>\n\t\t<div class=\"elementor-element elementor-element-45b13554 e-flex e-con-boxed e-con e-child\" data-id=\"45b13554\" data-element_type=\"container\" data-settings=\"{&quot;ekit_has_onepagescroll_dot&quot;:&quot;yes&quot;}\">\n\t\t\t\t\t<div class=\"e-con-inner\">\n\t\t\t\t<div class=\"elementor-element elementor-element-4c58e356 elementor-widget elementor-widget-text-editor\" data-id=\"4c58e356\" data-element_type=\"widget\" data-settings=\"{&quot;ekit_we_effect_on&quot;:&quot;none&quot;}\" data-widget_type=\"text-editor.default\">\n\t\t\t\t<div class=\"elementor-widget-container\">\n\t\t\t\t\t\t\t\t\t<p>The maritime fishing area in front of the town of Bouillante on the leeward coast is rich in fish due to its attractive underwater relief, volcanic shoals.<\/p><p>In addition, the main drop-offs are very close to the coast and do not require traveling great distances to reach the fishing spots.<\/p><p>As its name suggests, on the leeward coast, the sea is protected by the Guadeloupean massif and is generally calm.\u00a0<strong>We fish there all year round!<\/strong><\/p>\t\t\t\t\t\t\t\t<\/div>\n\t\t\t\t<\/div>\n\t\t\t\t\t<\/div>\n\t\t\t\t<\/div>\n\t\t\t\t\t<\/div>\n\t\t\t\t<\/div>\n\t\t\t\t<\/div>","protected":false},"excerpt":{"rendered":"<p>[:fr] Fishing zones The maritime fishing zone in front of the town of Bouillante on the leeward coast is rich in fish due to its attractive underwater relief, volcanic shoals. In addition, the main drop-offs are very close to the coast and do not require traveling great distances to reach the [\u2026]<\/p>","protected":false},"author":2,"featured_media":0,"parent":0,"menu_order":0,"comment_status":"closed","ping_status":"closed","template":"","meta":{"site-sidebar-layout":"default","site-content-layout":"","ast-site-content-layout":"","site-content-style":"default","site-sidebar-style":"default","ast-global-header-display":"","ast-banner-title-visibility":"","ast-main-header-display":"","ast-hfb-above-header-display":"","ast-hfb-below-header-display":"","ast-hfb-mobile-header-display":"","site-post-title":"","ast-breadcrumbs-content":"","ast-featured-img":"","footer-sml-layout":"","theme-transparent-header-meta":"","adv-header-id-meta":"","stick-header-meta":"","header-above-stick-meta":"","header-main-stick-meta":"","header-below-stick-meta":"","astra-migrate-meta-layouts":"default","ast-page-background-enabled":"default","ast-page-background-meta":{"desktop":{"background-color":"var(--ast-global-color-4)","background-image":"","background-repeat":"repeat","background-position":"center center","background-size":"auto","background-attachment":"scroll","background-type":"","background-media":"","overlay-type":"","overlay-color":"","overlay-gradient":""},"tablet":{"background-color":"","background-image":"","background-repeat":"repeat","background-position":"center center","background-size":"auto","background-attachment":"scroll","background-type":"","background-media":"","overlay-type":"","overlay-color":"","overlay-gradient":""},"mobile":{"background-color":"","background-image":"","background-repeat":"repeat","background-position":"center center","background-size":"auto","background-attachment":"scroll","background-type":"","background-media":"","overlay-type":"","overlay-color":"","overlay-gradient":""}},"ast-content-background-meta":{"desktop":{"background-color":"var(--ast-global-color-5)","background-image":"","background-repeat":"repeat","background-position":"center center","background-size":"auto","background-attachment":"scroll","background-type":"","background-media":"","overlay-type":"","overlay-color":"","overlay-gradient":""},"tablet":{"background-color":"var(--ast-global-color-5)","background-image":"","background-repeat":"repeat","background-position":"center center","background-size":"auto","background-attachment":"scroll","background-type":"","background-media":"","overlay-type":"","overlay-color":"","overlay-gradient":""},"mobile":{"background-color":"var(--ast-global-color-5)","background-image":"","background-repeat":"repeat","background-position":"center center","background-size":"auto","background-attachment":"scroll","background-type":"","background-media":"","overlay-type":"","overlay-color":"","overlay-gradient":""}},"_glsr_average":0,"_glsr_ranking":0,"_glsr_reviews":0,"footnotes":""},"class_list":["post-751","page","type-page","status-publish","hentry"],"yoast_head":"<!-- This site is optimized with the Yoast SEO Premium plugin v22.7 (Yoast SEO v22.7) - https:\/\/yoast.com\/wordpress\/plugins\/seo\/ -->\n<title>Zone de p\u00eache - Guadeloupe P\u00eache au Gros, P\u00eache Sportive Babywane<\/title>\n<meta name=\"robots\" content=\"index, follow, max-snippet:-1, max-image-preview:large, max-video-preview:-1\" \/>\n<link rel=\"canonical\" href=\"http:\/\/guadeloupe-pecheaugros.com\/en\/zone-de-peche\/\" \/>\n<meta property=\"og:locale\" content=\"en_GB\" \/>\n<meta property=\"og:type\" content=\"article\" \/>\n<meta property=\"og:title\" content=\"Zone de p\u00eache\" \/>\n<meta property=\"og:description\" content=\"[:fr] Zones de p\u00eache La zone de p\u00eache maritime devant la ville de Bouillante en c\u00f4te sous le vent est riche en poissons de par son relief sous marins attractif, hauts-fonds volcaniques. De plus les tombants principaux sont tr\u00e8s proches de la c\u00f4te et ne n\u00e9cessitent pas de parcourir des grandes distances pour arriver aux [&hellip;]\" \/>\n<meta property=\"og:url\" content=\"http:\/\/guadeloupe-pecheaugros.com\/en\/zone-de-peche\/\" \/>\n<meta property=\"og:site_name\" content=\"Guadeloupe P\u00eache au Gros, P\u00eache Sportive Babywane\" \/>\n<meta property=\"article:modified_time\" content=\"2024-08-02T21:00:44+00:00\" \/>\n<meta name=\"twitter:card\" content=\"summary_large_image\" \/>\n<meta name=\"twitter:label1\" content=\"Estimated reading time\" \/>\n\t<meta name=\"twitter:data1\" content=\"1 minute\" \/>\n<script type=\"application\/ld+json\" class=\"yoast-schema-graph\">{\"@context\":\"https:\/\/schema.org\",\"@graph\":[{\"@type\":\"WebPage\",\"@id\":\"http:\/\/guadeloupe-pecheaugros.com\/en\/zone-de-peche\/\",\"url\":\"http:\/\/guadeloupe-pecheaugros.com\/en\/zone-de-peche\/\",\"name\":\"Zone de p\u00eache - Guadeloupe P\u00eache au Gros, P\u00eache Sportive Babywane\",\"isPartOf\":{\"@id\":\"https:\/\/guadeloupe-pecheaugros.com\/fr\/#website\"},\"datePublished\":\"2023-10-21T10:54:10+00:00\",\"dateModified\":\"2024-08-02T21:00:44+00:00\",\"breadcrumb\":{\"@id\":\"http:\/\/guadeloupe-pecheaugros.com\/en\/zone-de-peche\/#breadcrumb\"},\"inLanguage\":\"en-GB\",\"potentialAction\":[{\"@type\":\"ReadAction\",\"target\":[\"http:\/\/guadeloupe-pecheaugros.com\/en\/zone-de-peche\/\"]}]},{\"@type\":\"BreadcrumbList\",\"@id\":\"http:\/\/guadeloupe-pecheaugros.com\/en\/zone-de-peche\/#breadcrumb\",\"itemListElement\":[{\"@type\":\"ListItem\",\"position\":1,\"name\":\"Accueil\",\"item\":\"https:\/\/guadeloupe-pecheaugros.com\/\"},{\"@type\":\"ListItem\",\"position\":2,\"name\":\"Zone de p\u00eache\"}]},{\"@type\":\"WebSite\",\"@id\":\"https:\/\/guadeloupe-pecheaugros.com\/fr\/#website\",\"url\":\"https:\/\/guadeloupe-pecheaugros.com\/fr\/\",\"name\":\"Guadeloupe P\u00eache au Gros, P\u00eache Sportive Babywane\",\"description\":\"P\u00eache au gros, P\u00eache Sportive en Guadeloupe\",\"potentialAction\":[{\"@type\":\"SearchAction\",\"target\":{\"@type\":\"EntryPoint\",\"urlTemplate\":\"https:\/\/guadeloupe-pecheaugros.com\/fr\/?s={search_term_string}\"},\"query-input\":\"required name=search_term_string\"}],\"inLanguage\":\"en-GB\"}]}<\/script>\n<!-- \/ Yoast SEO Premium plugin. -->","yoast_head_json":{"title":"Fishing area - Guadeloupe Big Game Fishing, Sport Fishing Babywane","robots":{"index":"index","follow":"follow","max-snippet":"max-snippet:-1","max-image-preview":"max-image-preview:large","max-video-preview":"max-video-preview:-1"},"canonical":"http:\/\/guadeloupe-pecheaugros.com\/en\/zone-de-peche\/","og_locale":"en_GB","og_type":"article","og_title":"Zone de p\u00eache","og_description":"[:fr] Zones de p\u00eache La zone de p\u00eache maritime devant la ville de Bouillante en c\u00f4te sous le vent est riche en poissons de par son relief sous marins attractif, hauts-fonds volcaniques. De plus les tombants principaux sont tr\u00e8s proches de la c\u00f4te et ne n\u00e9cessitent pas de parcourir des grandes distances pour arriver aux [&hellip;]","og_url":"http:\/\/guadeloupe-pecheaugros.com\/en\/zone-de-peche\/","og_site_name":"Guadeloupe P\u00eache au Gros, P\u00eache Sportive Babywane","article_modified_time":"2024-08-02T21:00:44+00:00","twitter_card":"summary_large_image","twitter_misc":{"Estimated reading time":"1 minute"},"schema":{"@context":"https:\/\/schema.org","@graph":[{"@type":"WebPage","@id":"http:\/\/guadeloupe-pecheaugros.com\/en\/zone-de-peche\/","url":"http:\/\/guadeloupe-pecheaugros.com\/en\/zone-de-peche\/","name":"Fishing area - Guadeloupe Big Game Fishing, Sport Fishing Babywane","isPartOf":{"@id":"https:\/\/guadeloupe-pecheaugros.com\/fr\/#website"},"datePublished":"2023-10-21T10:54:10+00:00","dateModified":"2024-08-02T21:00:44+00:00","breadcrumb":{"@id":"http:\/\/guadeloupe-pecheaugros.com\/en\/zone-de-peche\/#breadcrumb"},"inLanguage":"en-GB","potentialAction":[{"@type":"ReadAction","target":["http:\/\/guadeloupe-pecheaugros.com\/en\/zone-de-peche\/"]}]},{"@type":"BreadcrumbList","@id":"http:\/\/guadeloupe-pecheaugros.com\/en\/zone-de-peche\/#breadcrumb","itemListElement":[{"@type":"ListItem","position":1,"name":"Accueil","item":"https:\/\/guadeloupe-pecheaugros.com\/"},{"@type":"ListItem","position":2,"name":"Zone de p\u00eache"}]},{"@type":"WebSite","@id":"https:\/\/guadeloupe-pecheaugros.com\/fr\/#website","url":"https:\/\/guadeloupe-pecheaugros.com\/fr\/","name":"Guadeloupe Big Game Fishing, Sport Fishing Babywane","description":"Big Game Fishing, Sport Fishing in Guadeloupe","potentialAction":[{"@type":"SearchAction","target":{"@type":"EntryPoint","urlTemplate":"https:\/\/guadeloupe-pecheaugros.com\/fr\/?s={search_term_string}"},"query-input":"required name=search_term_string"}],"inLanguage":"en-GB"}]}},"_links":{"self":[{"href":"http:\/\/guadeloupe-pecheaugros.com\/en\/wp-json\/wp\/v2\/pages\/751","targetHints":{"allow":["GET"]}}],"collection":[{"href":"http:\/\/guadeloupe-pecheaugros.com\/en\/wp-json\/wp\/v2\/pages"}],"about":[{"href":"http:\/\/guadeloupe-pecheaugros.com\/en\/wp-json\/wp\/v2\/types\/page"}],"author":[{"embeddable":true,"href":"http:\/\/guadeloupe-pecheaugros.com\/en\/wp-json\/wp\/v2\/users\/2"}],"replies":[{"embeddable":true,"href":"http:\/\/guadeloupe-pecheaugros.com\/en\/wp-json\/wp\/v2\/comments?post=751"}],"version-history":[{"count":0,"href":"http:\/\/guadeloupe-pecheaugros.com\/en\/wp-json\/wp\/v2\/pages\/751\/revisions"}],"wp:attachment":[{"href":"http:\/\/guadeloupe-pecheaugros.com\/en\/wp-json\/wp\/v2\/media?parent=751"}],"curies":[{"name":"wp","href":"https:\/\/api.w.org\/{rel}","templated":true}]}}